{"id":280,"date":"2013-10-13T23:37:58","date_gmt":"2013-10-13T21:37:58","guid":{"rendered":"http:\/\/www.cristinarubalcava.com\/?page_id=280"},"modified":"2024-08-06T19:26:17","modified_gmt":"2024-08-06T17:26:17","slug":"tienda","status":"publish","type":"page","link":"https:\/\/www.cristinarubalcava.com\/fr\/tienda\/","title":{"rendered":"Boutique"},"content":{"rendered":"<p><\/p>\n<h2>Reproducciones<\/h2>\n<p><img decoding=\"async\" class=\"size-medium wp-image-177 alignright\" src=\"http:\/\/www.cristinarubalcava.com\/wp-content\/uploads\/2013\/08\/manto1-300x121.jpg\" alt=\"Virgen de Guadalupe\" width=\"300\" height=\"121\" srcset=\"https:\/\/www.cristinarubalcava.com\/wp-content\/uploads\/2013\/08\/manto1-300x121.jpg 300w, https:\/\/www.cristinarubalcava.com\/wp-content\/uploads\/2013\/08\/manto1.jpg 550w\" sizes=\"(max-width: 300px) 100vw, 300px\" \/><\/p>\n<p>R\u00e9prographies sur toile\u00a0\u00ab\u00a0<strong>VIRGEN DE GUADALUPE MANTEAU DU MONDE<\/strong>\u00a0\u00bb\u00a0et Exposition Itin\u00e9rante\u00a0<strong>HAUTE D\u00c9FINITION<\/strong> disponible en s\u00e9rie num\u00e9rot\u00e9e et sign\u00e9e, certifi\u00e9e par l&rsquo;artiste. Pour plus d&rsquo;information contacter:<\/p>\n<ul>\n<li><a href=\"rcristinarubalcava@gmail.com\">rcristinarubalcava@gmail.com<\/a><\/li>\n<li><a href=\"mailto:galerie@art-en-scene.com\">galerie@art-en-scene.com<\/a><\/li>\n<\/ul>\n<hr \/>\n<h2>Camisetas<\/h2>\n<p><a href=\"mailto:rcristinarubalcava@gmail.com\">rcristinarubalcava@gmail.com<\/a><\/p>\n<p>Librer\u00eda Pegaso<br \/>\nCasa Lamm<\/p>\n<h3>Boleros en algod\u00f3n<\/h3>\n<p><img decoding=\"async\" class=\"size-medium wp-image-281 alignleft\" src=\"http:\/\/www.cristinarubalcava.com\/wp-content\/uploads\/2013\/10\/romanticamente-241x300.jpg\" alt=\"romanticamente\" width=\"241\" height=\"300\" srcset=\"https:\/\/www.cristinarubalcava.com\/wp-content\/uploads\/2013\/10\/romanticamente-241x300.jpg 241w, https:\/\/www.cristinarubalcava.com\/wp-content\/uploads\/2013\/10\/romanticamente.jpg 340w\" sizes=\"(max-width: 241px) 100vw, 241px\" \/> <img decoding=\"async\" class=\"size-medium wp-image-282 alignleft\" src=\"http:\/\/www.cristinarubalcava.com\/wp-content\/uploads\/2013\/10\/besame_mucho-215x300.jpg\" alt=\"besame_mucho\" width=\"215\" height=\"300\" srcset=\"https:\/\/www.cristinarubalcava.com\/wp-content\/uploads\/2013\/10\/besame_mucho-215x300.jpg 215w, https:\/\/www.cristinarubalcava.com\/wp-content\/uploads\/2013\/10\/besame_mucho.jpg 303w\" sizes=\"(max-width: 215px) 100vw, 215px\" \/><\/p>\n<hr \/>\n<p><img decoding=\"async\" class=\"size-medium wp-image-283 alignleft\" src=\"http:\/\/www.cristinarubalcava.com\/wp-content\/uploads\/2013\/10\/besame053-216x300.jpg\" alt=\"besame053\" width=\"216\" height=\"300\" srcset=\"https:\/\/www.cristinarubalcava.com\/wp-content\/uploads\/2013\/10\/besame053-216x300.jpg 216w, https:\/\/www.cristinarubalcava.com\/wp-content\/uploads\/2013\/10\/besame053.jpg 380w\" sizes=\"(max-width: 216px) 100vw, 216px\" \/><\/p>\n<div id=\"attachment_286\" style=\"width: 212px\" class=\"wp-caption alignleft\"><img aria-describedby=\"caption-attachment-286\" decoding=\"async\" class=\"size-medium wp-image-286 \" src=\"http:\/\/www.cristinarubalcava.com\/wp-content\/uploads\/2013\/10\/sabor028-202x300.jpg\" alt=\"Sabor a mi\" width=\"202\" height=\"300\" srcset=\"https:\/\/www.cristinarubalcava.com\/wp-content\/uploads\/2013\/10\/sabor028-202x300.jpg 202w, https:\/\/www.cristinarubalcava.com\/wp-content\/uploads\/2013\/10\/sabor028.jpg 260w\" sizes=\"(max-width: 202px) 100vw, 202px\" \/><p id=\"caption-attachment-286\" class=\"wp-caption-text\">Sabor a mi<\/p><\/div>\n<div id=\"attachment_287\" style=\"width: 199px\" class=\"wp-caption alignleft\"><img aria-describedby=\"caption-attachment-287\" decoding=\"async\" class=\"size-medium wp-image-287 \" src=\"http:\/\/www.cristinarubalcava.com\/wp-content\/uploads\/2013\/10\/vivas026-189x300.jpg\" alt=\"Las Vivas... Las Muertas\" width=\"189\" height=\"300\" srcset=\"https:\/\/www.cristinarubalcava.com\/wp-content\/uploads\/2013\/10\/vivas026-189x300.jpg 189w, https:\/\/www.cristinarubalcava.com\/wp-content\/uploads\/2013\/10\/vivas026.jpg 243w\" sizes=\"(max-width: 189px) 100vw, 189px\" \/><p id=\"caption-attachment-287\" class=\"wp-caption-text\">Las Vivas&#8230; Las Muertas<\/p><\/div>\n<p><img decoding=\"async\" class=\"size-full wp-image-284 alignleft\" src=\"http:\/\/www.cristinarubalcava.com\/wp-content\/uploads\/2013\/10\/presa.jpg\" alt=\"presa\" width=\"212\" height=\"300\" \/> <img decoding=\"async\" class=\"size-medium wp-image-285 alignleft\" src=\"http:\/\/www.cristinarubalcava.com\/wp-content\/uploads\/2013\/10\/preso-300x237.jpg\" alt=\"preso\" width=\"300\" height=\"237\" srcset=\"https:\/\/www.cristinarubalcava.com\/wp-content\/uploads\/2013\/10\/preso-300x237.jpg 300w, https:\/\/www.cristinarubalcava.com\/wp-content\/uploads\/2013\/10\/preso.jpg 379w\" sizes=\"(max-width: 300px) 100vw, 300px\" \/><\/p>\n<hr \/>\n<div id=\"attachment_294\" style=\"width: 216px\" class=\"wp-caption alignleft\"><img aria-describedby=\"caption-attachment-294\" decoding=\"async\" class=\"size-medium wp-image-294 \" src=\"http:\/\/www.cristinarubalcava.com\/wp-content\/uploads\/2013\/10\/nino_pescador008-206x300.jpg\" alt=\"Enfant Pecheur\" width=\"206\" height=\"300\" srcset=\"https:\/\/www.cristinarubalcava.com\/wp-content\/uploads\/2013\/10\/nino_pescador008-206x300.jpg 206w, https:\/\/www.cristinarubalcava.com\/wp-content\/uploads\/2013\/10\/nino_pescador008.jpg 260w\" sizes=\"(max-width: 206px) 100vw, 206px\" \/><p id=\"caption-attachment-294\" class=\"wp-caption-text\">Enfant Pecheur<\/p><\/div>\n<div id=\"attachment_293\" style=\"width: 226px\" class=\"wp-caption alignleft\"><img aria-describedby=\"caption-attachment-293\" decoding=\"async\" class=\"size-medium wp-image-293 \" src=\"http:\/\/www.cristinarubalcava.com\/wp-content\/uploads\/2013\/10\/loteria046-216x300.jpg\" alt=\"La Loter\u00eda\" width=\"216\" height=\"300\" srcset=\"https:\/\/www.cristinarubalcava.com\/wp-content\/uploads\/2013\/10\/loteria046-216x300.jpg 216w, https:\/\/www.cristinarubalcava.com\/wp-content\/uploads\/2013\/10\/loteria046.jpg 260w\" sizes=\"(max-width: 216px) 100vw, 216px\" \/><p id=\"caption-attachment-293\" class=\"wp-caption-text\">La Loter\u00eda<\/p><\/div>\n<div id=\"attachment_295\" style=\"width: 248px\" class=\"wp-caption alignleft\"><img aria-describedby=\"caption-attachment-295\" decoding=\"async\" class=\"size-medium wp-image-295 \" src=\"http:\/\/www.cristinarubalcava.com\/wp-content\/uploads\/2013\/10\/raton006-238x300.jpg\" alt=\"El Rat\u00f3n Vaquero\" width=\"238\" height=\"300\" srcset=\"https:\/\/www.cristinarubalcava.com\/wp-content\/uploads\/2013\/10\/raton006-238x300.jpg 238w, https:\/\/www.cristinarubalcava.com\/wp-content\/uploads\/2013\/10\/raton006.jpg 260w\" sizes=\"(max-width: 238px) 100vw, 238px\" \/><p id=\"caption-attachment-295\" class=\"wp-caption-text\">El Rat\u00f3n Vaquero<\/p><\/div>\n<div id=\"attachment_292\" style=\"width: 232px\" class=\"wp-caption alignleft\"><img aria-describedby=\"caption-attachment-292\" decoding=\"async\" class=\"size-medium wp-image-292 \" src=\"http:\/\/www.cristinarubalcava.com\/wp-content\/uploads\/2013\/10\/cotoro004-222x300.jpg\" alt=\"Chonita y su cotorro\" width=\"222\" height=\"300\" srcset=\"https:\/\/www.cristinarubalcava.com\/wp-content\/uploads\/2013\/10\/cotoro004-222x300.jpg 222w, https:\/\/www.cristinarubalcava.com\/wp-content\/uploads\/2013\/10\/cotoro004.jpg 242w\" sizes=\"(max-width: 222px) 100vw, 222px\" \/><p id=\"caption-attachment-292\" class=\"wp-caption-text\">Chonita y su cotorro<\/p><\/div>\n<div id=\"attachment_296\" style=\"width: 310px\" class=\"wp-caption alignleft\"><img aria-describedby=\"caption-attachment-296\" decoding=\"async\" class=\"size-medium wp-image-296 \" src=\"http:\/\/www.cristinarubalcava.com\/wp-content\/uploads\/2013\/10\/musas023-300x233.jpg\" alt=\"Musas de Lara\" width=\"300\" height=\"233\" srcset=\"https:\/\/www.cristinarubalcava.com\/wp-content\/uploads\/2013\/10\/musas023-300x233.jpg 300w, https:\/\/www.cristinarubalcava.com\/wp-content\/uploads\/2013\/10\/musas023.jpg 484w\" sizes=\"(max-width: 300px) 100vw, 300px\" \/><p id=\"caption-attachment-296\" class=\"wp-caption-text\">Musas de Lara<\/p><\/div>\n<hr \/>\n<h2>Foulards et cravates<\/h2>\n<p>Boutique foulards et cravates cr\u00e9ation Cristina Rubalcava\u00a0sur commande fabriqu\u00e9es par PINEDA-COVALIN<br \/>\n<a href=\"rcristinarubalcava@gmail.com\" target=\"_blank\" rel=\"noopener\">rcristinarubalcava@gmail.com<\/a><\/p>\n<p><img decoding=\"async\" class=\"alignnone size-medium wp-image-300\" src=\"http:\/\/www.cristinarubalcava.com\/wp-content\/uploads\/2013\/10\/cravates1-300x206.jpg\" alt=\"cravates1\" width=\"300\" height=\"206\" srcset=\"https:\/\/www.cristinarubalcava.com\/wp-content\/uploads\/2013\/10\/cravates1-300x206.jpg 300w, https:\/\/www.cristinarubalcava.com\/wp-content\/uploads\/2013\/10\/cravates1.jpg 480w\" sizes=\"(max-width: 300px) 100vw, 300px\" \/> <img decoding=\"async\" class=\"alignnone size-medium wp-image-301\" src=\"http:\/\/www.cristinarubalcava.com\/wp-content\/uploads\/2013\/10\/foulard-300x300.jpg\" alt=\"foulard\" width=\"300\" height=\"300\" srcset=\"https:\/\/www.cristinarubalcava.com\/wp-content\/uploads\/2013\/10\/foulard-300x300.jpg 300w, https:\/\/www.cristinarubalcava.com\/wp-content\/uploads\/2013\/10\/foulard-150x150.jpg 150w, https:\/\/www.cristinarubalcava.com\/wp-content\/uploads\/2013\/10\/foulard.jpg 380w\" sizes=\"(max-width: 300px) 100vw, 300px\" \/> <img decoding=\"async\" class=\"alignnone size-medium wp-image-302\" src=\"http:\/\/www.cristinarubalcava.com\/wp-content\/uploads\/2013\/10\/cravates2-300x205.jpg\" alt=\"cravates2\" width=\"300\" height=\"205\" srcset=\"https:\/\/www.cristinarubalcava.com\/wp-content\/uploads\/2013\/10\/cravates2-300x205.jpg 300w, https:\/\/www.cristinarubalcava.com\/wp-content\/uploads\/2013\/10\/cravates2.jpg 480w\" sizes=\"(max-width: 300px) 100vw, 300px\" \/> <img decoding=\"async\" class=\"alignnone size-medium wp-image-303\" src=\"http:\/\/www.cristinarubalcava.com\/wp-content\/uploads\/2013\/10\/cravates3-226x300.jpg\" alt=\"cravates3\" width=\"226\" height=\"300\" srcset=\"https:\/\/www.cristinarubalcava.com\/wp-content\/uploads\/2013\/10\/cravates3-226x300.jpg 226w, https:\/\/www.cristinarubalcava.com\/wp-content\/uploads\/2013\/10\/cravates3.jpg 260w\" sizes=\"(max-width: 226px) 100vw, 226px\" \/><\/p>\n<hr \/>\n<h2>Chocolat<\/h2>\n<p style=\"text-align: left;\" align=\"center\"><strong>NICOLSEN Chocolatier<\/strong><br \/>\nLABORATOIRE FABRICATION &#8211; t\u00e9l : 33 01 30 54 93 10<br \/>\nMAGASINS<br \/>\n112, RUE MOUFFETARD 75005 PARIS<br \/>\nt\u00e9l: 01 43 36 7804<br \/>\nCr\u00e9ations originales de Cristina Rubalcava sur commande\u00a0<a href=\"rcristinarubalcava@gmail.com\">rcristinarubalcava@gmail.com<\/a><\/p>\n<p style=\"text-align: left;\" align=\"center\"><img decoding=\"async\" class=\"alignnone size-medium wp-image-304\" src=\"http:\/\/www.cristinarubalcava.com\/wp-content\/uploads\/2013\/10\/choco-chupa-300x220.jpg\" alt=\"choco-chupa\" width=\"300\" height=\"220\" srcset=\"https:\/\/www.cristinarubalcava.com\/wp-content\/uploads\/2013\/10\/choco-chupa-300x220.jpg 300w, https:\/\/www.cristinarubalcava.com\/wp-content\/uploads\/2013\/10\/choco-chupa.jpg 480w\" sizes=\"(max-width: 300px) 100vw, 300px\" \/> <img decoding=\"async\" class=\"alignnone size-medium wp-image-305\" src=\"http:\/\/www.cristinarubalcava.com\/wp-content\/uploads\/2013\/10\/paleskeletor_lollipop-138x300.jpg\" alt=\"paleskeletor_lollipop\" width=\"138\" height=\"300\" \/> <img decoding=\"async\" class=\"alignnone size-medium wp-image-306\" src=\"http:\/\/www.cristinarubalcava.com\/wp-content\/uploads\/2013\/10\/choco-etiket-300x100.jpg\" alt=\"choco-etiket\" width=\"300\" height=\"100\" srcset=\"https:\/\/www.cristinarubalcava.com\/wp-content\/uploads\/2013\/10\/choco-etiket-300x100.jpg 300w, https:\/\/www.cristinarubalcava.com\/wp-content\/uploads\/2013\/10\/choco-etiket-852x282.jpg 852w, https:\/\/www.cristinarubalcava.com\/wp-content\/uploads\/2013\/10\/choco-etiket.jpg 420w\" sizes=\"(max-width: 300px) 100vw, 300px\" \/><\/p>\n<p><\/p>","protected":false},"excerpt":{"rendered":"<p>Reproducciones R\u00e9prographies sur toile\u00a0\u00ab\u00a0VIRGEN DE GUADALUPE MANTEAU DU MONDE\u00a0\u00bb\u00a0et Exposition Itin\u00e9rante\u00a0HAUTE D\u00c9FINITION disponible en s\u00e9rie num\u00e9rot\u00e9e et sign\u00e9e, certifi\u00e9e par l&rsquo;artiste. Pour plus d&rsquo;information contacter: rcristinarubalcava@gmail.com galerie@art-en-scene.com Camisetas rcristinarubalcava@gmail.com Librer\u00eda Pegaso Casa Lamm Boleros en algod\u00f3n Foulards et cravates Boutique foulards et cravates cr\u00e9ation Cristina Rubalcava\u00a0sur commande fabriqu\u00e9es par PINEDA-COVALIN rcristinarubalcava@gmail.com Chocolat NICOLSEN Chocolatier LABORATOIRE [&hellip;]<\/p>\n","protected":false},"author":1,"featured_media":0,"parent":0,"menu_order":0,"comment_status":"closed","ping_status":"closed","template":"","meta":{"footnotes":""},"yoast_head":"<!-- This site is optimized with the Yoast SEO plugin v22.4 - https:\/\/yoast.com\/wordpress\/plugins\/seo\/ -->\n<title>Boutique - Cristina Rubalcava<\/title>\n<meta name=\"robots\" content=\"index, follow, max-snippet:-1, max-image-preview:large, max-video-preview:-1\" \/>\n<link rel=\"canonical\" href=\"https:\/\/www.cristinarubalcava.com\/tienda\/\" \/>\n<meta property=\"og:locale\" content=\"fr_FR\" \/>\n<meta property=\"og:type\" content=\"article\" \/>\n<meta property=\"og:title\" content=\"[:es]Tienda[:en]Store[:fr]Boutique[:] - Cristina Rubalcava\" \/>\n<meta property=\"og:description\" content=\"Reproducciones R\u00e9prographies sur toile\u00a0\u00ab\u00a0VIRGEN DE GUADALUPE MANTEAU DU MONDE\u00a0\u00bb\u00a0et Exposition Itin\u00e9rante\u00a0HAUTE D\u00c9FINITION disponible en s\u00e9rie num\u00e9rot\u00e9e et sign\u00e9e, certifi\u00e9e par l&rsquo;artiste. Pour plus d&rsquo;information contacter: rcristinarubalcava@gmail.com galerie@art-en-scene.com Camisetas rcristinarubalcava@gmail.com Librer\u00eda Pegaso Casa Lamm Boleros en algod\u00f3n Foulards et cravates Boutique foulards et cravates cr\u00e9ation Cristina Rubalcava\u00a0sur commande fabriqu\u00e9es par PINEDA-COVALIN rcristinarubalcava@gmail.com Chocolat NICOLSEN Chocolatier LABORATOIRE [&hellip;]\" \/>\n<meta property=\"og:url\" content=\"https:\/\/www.cristinarubalcava.com\/tienda\/\" \/>\n<meta property=\"og:site_name\" content=\"Cristina Rubalcava\" \/>\n<meta property=\"article:modified_time\" content=\"2024-08-06T17:26:17+00:00\" \/>\n<meta property=\"og:image\" content=\"http:\/\/www.cristinarubalcava.com\/wp-content\/uploads\/2013\/08\/manto1-300x121.jpg\" \/>\n<meta name=\"twitter:card\" content=\"summary_large_image\" \/>\n<meta name=\"twitter:label1\" content=\"Dur\u00e9e de lecture estim\u00e9e\" \/>\n\t<meta name=\"twitter:data1\" content=\"5 minutes\" \/>\n<script type=\"application\/ld+json\" class=\"yoast-schema-graph\">{\"@context\":\"https:\/\/schema.org\",\"@graph\":[{\"@type\":\"WebPage\",\"@id\":\"https:\/\/www.cristinarubalcava.com\/tienda\/\",\"url\":\"https:\/\/www.cristinarubalcava.com\/tienda\/\",\"name\":\"[:es]Tienda[:en]Store[:fr]Boutique[:] - Cristina Rubalcava\",\"isPartOf\":{\"@id\":\"https:\/\/www.cristinarubalcava.com\/#website\"},\"primaryImageOfPage\":{\"@id\":\"https:\/\/www.cristinarubalcava.com\/tienda\/#primaryimage\"},\"image\":{\"@id\":\"https:\/\/www.cristinarubalcava.com\/tienda\/#primaryimage\"},\"thumbnailUrl\":\"http:\/\/www.cristinarubalcava.com\/wp-content\/uploads\/2013\/08\/manto1-300x121.jpg\",\"datePublished\":\"2013-10-13T21:37:58+00:00\",\"dateModified\":\"2024-08-06T17:26:17+00:00\",\"breadcrumb\":{\"@id\":\"https:\/\/www.cristinarubalcava.com\/tienda\/#breadcrumb\"},\"inLanguage\":\"fr-FR\",\"potentialAction\":[{\"@type\":\"ReadAction\",\"target\":[\"https:\/\/www.cristinarubalcava.com\/tienda\/\"]}]},{\"@type\":\"ImageObject\",\"inLanguage\":\"fr-FR\",\"@id\":\"https:\/\/www.cristinarubalcava.com\/tienda\/#primaryimage\",\"url\":\"http:\/\/www.cristinarubalcava.com\/wp-content\/uploads\/2013\/08\/manto1-300x121.jpg\",\"contentUrl\":\"http:\/\/www.cristinarubalcava.com\/wp-content\/uploads\/2013\/08\/manto1-300x121.jpg\"},{\"@type\":\"BreadcrumbList\",\"@id\":\"https:\/\/www.cristinarubalcava.com\/tienda\/#breadcrumb\",\"itemListElement\":[{\"@type\":\"ListItem\",\"position\":1,\"name\":\"Portada\",\"item\":\"https:\/\/www.cristinarubalcava.com\/\"},{\"@type\":\"ListItem\",\"position\":2,\"name\":\"Tienda\"}]},{\"@type\":\"WebSite\",\"@id\":\"https:\/\/www.cristinarubalcava.com\/#website\",\"url\":\"https:\/\/www.cristinarubalcava.com\/\",\"name\":\"Cristina Rubalcava\",\"description\":\"Peinture | Sculpture | C\u00e9ramique | Mariages\",\"publisher\":{\"@id\":\"https:\/\/www.cristinarubalcava.com\/#\/schema\/person\/b827547e5dd7ae545323ce75fec5f0d9\"},\"potentialAction\":[{\"@type\":\"SearchAction\",\"target\":{\"@type\":\"EntryPoint\",\"urlTemplate\":\"https:\/\/www.cristinarubalcava.com\/?s={search_term_string}\"},\"query-input\":\"required name=search_term_string\"}],\"inLanguage\":\"fr-FR\"},{\"@type\":[\"Person\",\"Organization\"],\"@id\":\"https:\/\/www.cristinarubalcava.com\/#\/schema\/person\/b827547e5dd7ae545323ce75fec5f0d9\",\"name\":\"rubalcava\",\"image\":{\"@type\":\"ImageObject\",\"inLanguage\":\"fr-FR\",\"@id\":\"https:\/\/www.cristinarubalcava.com\/#\/schema\/person\/image\/\",\"url\":\"https:\/\/www.cristinarubalcava.com\/wp-content\/uploads\/2013\/08\/logo.jpg\",\"contentUrl\":\"https:\/\/www.cristinarubalcava.com\/wp-content\/uploads\/2013\/08\/logo.jpg\",\"width\":320,\"height\":106,\"caption\":\"rubalcava\"},\"logo\":{\"@id\":\"https:\/\/www.cristinarubalcava.com\/#\/schema\/person\/image\/\"}}]}<\/script>\n<!-- \/ Yoast SEO plugin. -->","yoast_head_json":{"title":"[:es]Tienda[:en]Store[:fr]Boutique[:] - Cristina Rubalcava","robots":{"index":"index","follow":"follow","max-snippet":"max-snippet:-1","max-image-preview":"max-image-preview:large","max-video-preview":"max-video-preview:-1"},"canonical":"https:\/\/www.cristinarubalcava.com\/tienda\/","og_locale":"fr_FR","og_type":"article","og_title":"[:es]Tienda[:en]Store[:fr]Boutique[:] - Cristina Rubalcava","og_description":"Reproducciones R\u00e9prographies sur toile\u00a0\u00ab\u00a0VIRGEN DE GUADALUPE MANTEAU DU MONDE\u00a0\u00bb\u00a0et Exposition Itin\u00e9rante\u00a0HAUTE D\u00c9FINITION disponible en s\u00e9rie num\u00e9rot\u00e9e et sign\u00e9e, certifi\u00e9e par l&rsquo;artiste. Pour plus d&rsquo;information contacter: rcristinarubalcava@gmail.com galerie@art-en-scene.com Camisetas rcristinarubalcava@gmail.com Librer\u00eda Pegaso Casa Lamm Boleros en algod\u00f3n Foulards et cravates Boutique foulards et cravates cr\u00e9ation Cristina Rubalcava\u00a0sur commande fabriqu\u00e9es par PINEDA-COVALIN rcristinarubalcava@gmail.com Chocolat NICOLSEN Chocolatier LABORATOIRE [&hellip;]","og_url":"https:\/\/www.cristinarubalcava.com\/tienda\/","og_site_name":"Cristina Rubalcava","article_modified_time":"2024-08-06T17:26:17+00:00","og_image":[{"url":"http:\/\/www.cristinarubalcava.com\/wp-content\/uploads\/2013\/08\/manto1-300x121.jpg"}],"twitter_card":"summary_large_image","twitter_misc":{"Dur\u00e9e de lecture estim\u00e9e":"5 minutes"},"schema":{"@context":"https:\/\/schema.org","@graph":[{"@type":"WebPage","@id":"https:\/\/www.cristinarubalcava.com\/tienda\/","url":"https:\/\/www.cristinarubalcava.com\/tienda\/","name":"[:es]Tienda[:en]Store[:fr]Boutique[:] - Cristina Rubalcava","isPartOf":{"@id":"https:\/\/www.cristinarubalcava.com\/#website"},"primaryImageOfPage":{"@id":"https:\/\/www.cristinarubalcava.com\/tienda\/#primaryimage"},"image":{"@id":"https:\/\/www.cristinarubalcava.com\/tienda\/#primaryimage"},"thumbnailUrl":"http:\/\/www.cristinarubalcava.com\/wp-content\/uploads\/2013\/08\/manto1-300x121.jpg","datePublished":"2013-10-13T21:37:58+00:00","dateModified":"2024-08-06T17:26:17+00:00","breadcrumb":{"@id":"https:\/\/www.cristinarubalcava.com\/tienda\/#breadcrumb"},"inLanguage":"fr-FR","potentialAction":[{"@type":"ReadAction","target":["https:\/\/www.cristinarubalcava.com\/tienda\/"]}]},{"@type":"ImageObject","inLanguage":"fr-FR","@id":"https:\/\/www.cristinarubalcava.com\/tienda\/#primaryimage","url":"http:\/\/www.cristinarubalcava.com\/wp-content\/uploads\/2013\/08\/manto1-300x121.jpg","contentUrl":"http:\/\/www.cristinarubalcava.com\/wp-content\/uploads\/2013\/08\/manto1-300x121.jpg"},{"@type":"BreadcrumbList","@id":"https:\/\/www.cristinarubalcava.com\/tienda\/#breadcrumb","itemListElement":[{"@type":"ListItem","position":1,"name":"Portada","item":"https:\/\/www.cristinarubalcava.com\/"},{"@type":"ListItem","position":2,"name":"Tienda"}]},{"@type":"WebSite","@id":"https:\/\/www.cristinarubalcava.com\/#website","url":"https:\/\/www.cristinarubalcava.com\/","name":"Cristina Rubalcava","description":"Peinture | Sculpture | C\u00e9ramique | Mariages","publisher":{"@id":"https:\/\/www.cristinarubalcava.com\/#\/schema\/person\/b827547e5dd7ae545323ce75fec5f0d9"},"potentialAction":[{"@type":"SearchAction","target":{"@type":"EntryPoint","urlTemplate":"https:\/\/www.cristinarubalcava.com\/?s={search_term_string}"},"query-input":"required name=search_term_string"}],"inLanguage":"fr-FR"},{"@type":["Person","Organization"],"@id":"https:\/\/www.cristinarubalcava.com\/#\/schema\/person\/b827547e5dd7ae545323ce75fec5f0d9","name":"rubalcava","image":{"@type":"ImageObject","inLanguage":"fr-FR","@id":"https:\/\/www.cristinarubalcava.com\/#\/schema\/person\/image\/","url":"https:\/\/www.cristinarubalcava.com\/wp-content\/uploads\/2013\/08\/logo.jpg","contentUrl":"https:\/\/www.cristinarubalcava.com\/wp-content\/uploads\/2013\/08\/logo.jpg","width":320,"height":106,"caption":"rubalcava"},"logo":{"@id":"https:\/\/www.cristinarubalcava.com\/#\/schema\/person\/image\/"}}]}},"_links":{"self":[{"href":"https:\/\/www.cristinarubalcava.com\/fr\/wp-json\/wp\/v2\/pages\/280"}],"collection":[{"href":"https:\/\/www.cristinarubalcava.com\/fr\/wp-json\/wp\/v2\/pages"}],"about":[{"href":"https:\/\/www.cristinarubalcava.com\/fr\/wp-json\/wp\/v2\/types\/page"}],"author":[{"embeddable":true,"href":"https:\/\/www.cristinarubalcava.com\/fr\/wp-json\/wp\/v2\/users\/1"}],"replies":[{"embeddable":true,"href":"https:\/\/www.cristinarubalcava.com\/fr\/wp-json\/wp\/v2\/comments?post=280"}],"version-history":[{"count":13,"href":"https:\/\/www.cristinarubalcava.com\/fr\/wp-json\/wp\/v2\/pages\/280\/revisions"}],"predecessor-version":[{"id":519,"href":"https:\/\/www.cristinarubalcava.com\/fr\/wp-json\/wp\/v2\/pages\/280\/revisions\/519"}],"wp:attachment":[{"href":"https:\/\/www.cristinarubalcava.com\/fr\/wp-json\/wp\/v2\/media?parent=280"}],"curies":[{"name":"wp","href":"https:\/\/api.w.org\/{rel}","templated":true}]}}