{"id":103,"date":"2013-10-13T18:37:32","date_gmt":"2013-10-13T16:37:32","guid":{"rendered":"http:\/\/www.cristinarubalcava.com\/?page_id=103"},"modified":"2013-10-13T19:13:25","modified_gmt":"2013-10-13T17:13:25","slug":"la-fiesta-de-los-muertos-una-semana-mexicana-en-el-quai-branly","status":"publish","type":"page","link":"https:\/\/www.cristinarubalcava.com\/fr\/prensa-catalogos\/la-fiesta-de-los-muertos-una-semana-mexicana-en-el-quai-branly\/","title":{"rendered":"(Espa\u00f1ol) La Fiesta de los Muertos: una semana mexicana en el Quai Branly"},"content":{"rendered":"<p class=\"qtranxs-available-languages-message qtranxs-available-languages-message-fr\">D\u00e9sol\u00e9, cet article est seulement disponible en <a href=\"https:\/\/www.cristinarubalcava.com\/es\/wp-json\/wp\/v2\/pages\/103\" class=\"qtranxs-available-language-link qtranxs-available-language-link-es\" title=\"Espa\u00f1ol\">Espagnol Europ\u00e9en<\/a>.<\/p>","protected":false},"excerpt":{"rendered":"<p>D\u00e9sol\u00e9, cet article est seulement disponible en Espagnol Europ\u00e9en.<\/p>\n","protected":false},"author":1,"featured_media":0,"parent":9,"menu_order":0,"comment_status":"closed","ping_status":"closed","template":"","meta":{"footnotes":""},"yoast_head":"<!-- This site is optimized with the Yoast SEO plugin v22.4 - https:\/\/yoast.com\/wordpress\/plugins\/seo\/ -->\n<title>La Fiesta de los Muertos: una semana mexicana en el Quai Branly  - Cristina Rubalcava<\/title>\n<meta name=\"robots\" content=\"index, follow, max-snippet:-1, max-image-preview:large, max-video-preview:-1\" \/>\n<link rel=\"canonical\" href=\"https:\/\/www.cristinarubalcava.com\/en\/prensa-catalogos\/la-fiesta-de-los-muertos-una-semana-mexicana-en-el-quai-branly\/\" \/>\n<meta property=\"og:locale\" content=\"fr_FR\" \/>\n<meta property=\"og:type\" content=\"article\" \/>\n<meta property=\"og:title\" content=\"La Fiesta de los Muertos: una semana mexicana en el Quai Branly  - Cristina Rubalcava\" \/>\n<meta property=\"og:description\" content=\"D\u00e9sol\u00e9, cet article est seulement disponible en Espagnol Europ\u00e9en.\" \/>\n<meta property=\"og:url\" content=\"https:\/\/www.cristinarubalcava.com\/en\/prensa-catalogos\/la-fiesta-de-los-muertos-una-semana-mexicana-en-el-quai-branly\/\" \/>\n<meta property=\"og:site_name\" content=\"Cristina Rubalcava\" \/>\n<meta property=\"article:modified_time\" content=\"2013-10-13T17:13:25+00:00\" \/>\n<meta name=\"twitter:card\" content=\"summary_large_image\" \/>\n<meta name=\"twitter:label1\" content=\"Dur\u00e9e de lecture estim\u00e9e\" \/>\n\t<meta name=\"twitter:data1\" content=\"4 minutes\" \/>\n<script type=\"application\/ld+json\" class=\"yoast-schema-graph\">{\"@context\":\"https:\/\/schema.org\",\"@graph\":[{\"@type\":\"WebPage\",\"@id\":\"https:\/\/www.cristinarubalcava.com\/en\/prensa-catalogos\/la-fiesta-de-los-muertos-una-semana-mexicana-en-el-quai-branly\/\",\"url\":\"https:\/\/www.cristinarubalcava.com\/en\/prensa-catalogos\/la-fiesta-de-los-muertos-una-semana-mexicana-en-el-quai-branly\/\",\"name\":\"La Fiesta de los Muertos: una semana mexicana en el Quai Branly - Cristina Rubalcava\",\"isPartOf\":{\"@id\":\"https:\/\/www.cristinarubalcava.com\/#website\"},\"datePublished\":\"2013-10-13T16:37:32+00:00\",\"dateModified\":\"2013-10-13T17:13:25+00:00\",\"breadcrumb\":{\"@id\":\"https:\/\/www.cristinarubalcava.com\/en\/prensa-catalogos\/la-fiesta-de-los-muertos-una-semana-mexicana-en-el-quai-branly\/#breadcrumb\"},\"inLanguage\":\"fr-FR\",\"potentialAction\":[{\"@type\":\"ReadAction\",\"target\":[\"https:\/\/www.cristinarubalcava.com\/en\/prensa-catalogos\/la-fiesta-de-los-muertos-una-semana-mexicana-en-el-quai-branly\/\"]}]},{\"@type\":\"BreadcrumbList\",\"@id\":\"https:\/\/www.cristinarubalcava.com\/en\/prensa-catalogos\/la-fiesta-de-los-muertos-una-semana-mexicana-en-el-quai-branly\/#breadcrumb\",\"itemListElement\":[{\"@type\":\"ListItem\",\"position\":1,\"name\":\"Portada\",\"item\":\"https:\/\/www.cristinarubalcava.com\/\"},{\"@type\":\"ListItem\",\"position\":2,\"name\":\"Prensa &#038; Cat\u00e1logos\",\"item\":\"https:\/\/www.cristinarubalcava.com\/prensa-catalogos\/\"},{\"@type\":\"ListItem\",\"position\":3,\"name\":\"(Espa\u00f1ol) La Fiesta de los Muertos: una semana mexicana en el Quai Branly\"}]},{\"@type\":\"WebSite\",\"@id\":\"https:\/\/www.cristinarubalcava.com\/#website\",\"url\":\"https:\/\/www.cristinarubalcava.com\/\",\"name\":\"Cristina Rubalcava\",\"description\":\"Peinture | Sculpture | C\u00e9ramique | Mariages\",\"publisher\":{\"@id\":\"https:\/\/www.cristinarubalcava.com\/#\/schema\/person\/b827547e5dd7ae545323ce75fec5f0d9\"},\"potentialAction\":[{\"@type\":\"SearchAction\",\"target\":{\"@type\":\"EntryPoint\",\"urlTemplate\":\"https:\/\/www.cristinarubalcava.com\/?s={search_term_string}\"},\"query-input\":\"required name=search_term_string\"}],\"inLanguage\":\"fr-FR\"},{\"@type\":[\"Person\",\"Organization\"],\"@id\":\"https:\/\/www.cristinarubalcava.com\/#\/schema\/person\/b827547e5dd7ae545323ce75fec5f0d9\",\"name\":\"rubalcava\",\"image\":{\"@type\":\"ImageObject\",\"inLanguage\":\"fr-FR\",\"@id\":\"https:\/\/www.cristinarubalcava.com\/#\/schema\/person\/image\/\",\"url\":\"https:\/\/www.cristinarubalcava.com\/wp-content\/uploads\/2013\/08\/logo.jpg\",\"contentUrl\":\"https:\/\/www.cristinarubalcava.com\/wp-content\/uploads\/2013\/08\/logo.jpg\",\"width\":320,\"height\":106,\"caption\":\"rubalcava\"},\"logo\":{\"@id\":\"https:\/\/www.cristinarubalcava.com\/#\/schema\/person\/image\/\"}}]}<\/script>\n<!-- \/ Yoast SEO plugin. -->","yoast_head_json":{"title":"La Fiesta de los Muertos: una semana mexicana en el Quai Branly  - Cristina Rubalcava","robots":{"index":"index","follow":"follow","max-snippet":"max-snippet:-1","max-image-preview":"max-image-preview:large","max-video-preview":"max-video-preview:-1"},"canonical":"https:\/\/www.cristinarubalcava.com\/en\/prensa-catalogos\/la-fiesta-de-los-muertos-una-semana-mexicana-en-el-quai-branly\/","og_locale":"fr_FR","og_type":"article","og_title":"La Fiesta de los Muertos: una semana mexicana en el Quai Branly  - Cristina Rubalcava","og_description":"D\u00e9sol\u00e9, cet article est seulement disponible en Espagnol Europ\u00e9en.","og_url":"https:\/\/www.cristinarubalcava.com\/en\/prensa-catalogos\/la-fiesta-de-los-muertos-una-semana-mexicana-en-el-quai-branly\/","og_site_name":"Cristina Rubalcava","article_modified_time":"2013-10-13T17:13:25+00:00","twitter_card":"summary_large_image","twitter_misc":{"Dur\u00e9e de lecture estim\u00e9e":"4 minutes"},"schema":{"@context":"https:\/\/schema.org","@graph":[{"@type":"WebPage","@id":"https:\/\/www.cristinarubalcava.com\/en\/prensa-catalogos\/la-fiesta-de-los-muertos-una-semana-mexicana-en-el-quai-branly\/","url":"https:\/\/www.cristinarubalcava.com\/en\/prensa-catalogos\/la-fiesta-de-los-muertos-una-semana-mexicana-en-el-quai-branly\/","name":"La Fiesta de los Muertos: una semana mexicana en el Quai Branly - Cristina Rubalcava","isPartOf":{"@id":"https:\/\/www.cristinarubalcava.com\/#website"},"datePublished":"2013-10-13T16:37:32+00:00","dateModified":"2013-10-13T17:13:25+00:00","breadcrumb":{"@id":"https:\/\/www.cristinarubalcava.com\/en\/prensa-catalogos\/la-fiesta-de-los-muertos-una-semana-mexicana-en-el-quai-branly\/#breadcrumb"},"inLanguage":"fr-FR","potentialAction":[{"@type":"ReadAction","target":["https:\/\/www.cristinarubalcava.com\/en\/prensa-catalogos\/la-fiesta-de-los-muertos-una-semana-mexicana-en-el-quai-branly\/"]}]},{"@type":"BreadcrumbList","@id":"https:\/\/www.cristinarubalcava.com\/en\/prensa-catalogos\/la-fiesta-de-los-muertos-una-semana-mexicana-en-el-quai-branly\/#breadcrumb","itemListElement":[{"@type":"ListItem","position":1,"name":"Portada","item":"https:\/\/www.cristinarubalcava.com\/"},{"@type":"ListItem","position":2,"name":"Prensa &#038; Cat\u00e1logos","item":"https:\/\/www.cristinarubalcava.com\/prensa-catalogos\/"},{"@type":"ListItem","position":3,"name":"(Espa\u00f1ol) La Fiesta de los Muertos: una semana mexicana en el Quai Branly"}]},{"@type":"WebSite","@id":"https:\/\/www.cristinarubalcava.com\/#website","url":"https:\/\/www.cristinarubalcava.com\/","name":"Cristina Rubalcava","description":"Peinture | Sculpture | C\u00e9ramique | Mariages","publisher":{"@id":"https:\/\/www.cristinarubalcava.com\/#\/schema\/person\/b827547e5dd7ae545323ce75fec5f0d9"},"potentialAction":[{"@type":"SearchAction","target":{"@type":"EntryPoint","urlTemplate":"https:\/\/www.cristinarubalcava.com\/?s={search_term_string}"},"query-input":"required name=search_term_string"}],"inLanguage":"fr-FR"},{"@type":["Person","Organization"],"@id":"https:\/\/www.cristinarubalcava.com\/#\/schema\/person\/b827547e5dd7ae545323ce75fec5f0d9","name":"rubalcava","image":{"@type":"ImageObject","inLanguage":"fr-FR","@id":"https:\/\/www.cristinarubalcava.com\/#\/schema\/person\/image\/","url":"https:\/\/www.cristinarubalcava.com\/wp-content\/uploads\/2013\/08\/logo.jpg","contentUrl":"https:\/\/www.cristinarubalcava.com\/wp-content\/uploads\/2013\/08\/logo.jpg","width":320,"height":106,"caption":"rubalcava"},"logo":{"@id":"https:\/\/www.cristinarubalcava.com\/#\/schema\/person\/image\/"}}]}},"_links":{"self":[{"href":"https:\/\/www.cristinarubalcava.com\/fr\/wp-json\/wp\/v2\/pages\/103"}],"collection":[{"href":"https:\/\/www.cristinarubalcava.com\/fr\/wp-json\/wp\/v2\/pages"}],"about":[{"href":"https:\/\/www.cristinarubalcava.com\/fr\/wp-json\/wp\/v2\/types\/page"}],"author":[{"embeddable":true,"href":"https:\/\/www.cristinarubalcava.com\/fr\/wp-json\/wp\/v2\/users\/1"}],"replies":[{"embeddable":true,"href":"https:\/\/www.cristinarubalcava.com\/fr\/wp-json\/wp\/v2\/comments?post=103"}],"version-history":[{"count":3,"href":"https:\/\/www.cristinarubalcava.com\/fr\/wp-json\/wp\/v2\/pages\/103\/revisions"}],"predecessor-version":[{"id":140,"href":"https:\/\/www.cristinarubalcava.com\/fr\/wp-json\/wp\/v2\/pages\/103\/revisions\/140"}],"up":[{"embeddable":true,"href":"https:\/\/www.cristinarubalcava.com\/fr\/wp-json\/wp\/v2\/pages\/9"}],"wp:attachment":[{"href":"https:\/\/www.cristinarubalcava.com\/fr\/wp-json\/wp\/v2\/media?parent=103"}],"curies":[{"name":"wp","href":"https:\/\/api.w.org\/{rel}","templated":true}]}}