{"id":5,"date":"2013-08-26T21:10:35","date_gmt":"2013-08-26T19:10:35","guid":{"rendered":"http:\/\/www.cristinarubalcava.com\/?page_id=5"},"modified":"2023-02-14T10:56:00","modified_gmt":"2023-02-14T08:56:00","slug":"biografia-cv","status":"publish","type":"page","link":"https:\/\/www.cristinarubalcava.com\/en\/biografia-cv\/","title":{"rendered":"Biography &#038; CV"},"content":{"rendered":"<p><\/p>\n<h3>2023<\/h3>\n<p><img decoding=\"async\" class=\"aligncenter size-large wp-image-492\" src=\"https:\/\/www.cristinarubalcava.com\/wp-content\/uploads\/2023\/02\/EXPO-SUBASTA-CON-ALEGRIA_15mar23-1024x1024.jpg\" alt=\"\" width=\"1024\" height=\"1024\" srcset=\"https:\/\/www.cristinarubalcava.com\/wp-content\/uploads\/2023\/02\/EXPO-SUBASTA-CON-ALEGRIA_15mar23-1024x1024.jpg 1024w, https:\/\/www.cristinarubalcava.com\/wp-content\/uploads\/2023\/02\/EXPO-SUBASTA-CON-ALEGRIA_15mar23-300x300.jpg 300w, https:\/\/www.cristinarubalcava.com\/wp-content\/uploads\/2023\/02\/EXPO-SUBASTA-CON-ALEGRIA_15mar23-150x150.jpg 150w, https:\/\/www.cristinarubalcava.com\/wp-content\/uploads\/2023\/02\/EXPO-SUBASTA-CON-ALEGRIA_15mar23-768x768.jpg 768w, https:\/\/www.cristinarubalcava.com\/wp-content\/uploads\/2023\/02\/EXPO-SUBASTA-CON-ALEGRIA_15mar23-1536x1536.jpg 1536w, https:\/\/www.cristinarubalcava.com\/wp-content\/uploads\/2023\/02\/EXPO-SUBASTA-CON-ALEGRIA_15mar23.jpg 1969w\" sizes=\"(max-width: 1024px) 100vw, 1024px\" \/><\/p>\n<h3>2020-2021<\/h3>\n<p><strong>VIRGEN DE GUADALUPE, MANTO DEL MUNDO<\/strong><br \/>\n<img decoding=\"async\" class=\"aligncenter size-full wp-image-373\" src=\"http:\/\/www.cristinarubalcava.com\/wp-content\/uploads\/2013\/08\/mural.jpg\" alt=\"mural\" width=\"1439\" height=\"692\" srcset=\"https:\/\/www.cristinarubalcava.com\/wp-content\/uploads\/2013\/08\/mural.jpg 1439w, https:\/\/www.cristinarubalcava.com\/wp-content\/uploads\/2013\/08\/mural-300x144.jpg 300w, https:\/\/www.cristinarubalcava.com\/wp-content\/uploads\/2013\/08\/mural-1024x492.jpg 1024w\" sizes=\"(max-width: 1439px) 100vw, 1439px\" \/><\/p>\n<p>Reinicia la itinerancia de la Exposici\u00f3n VIRGEN DE GUADALUPE, MANTO DEL MUNDO en las catedrales europeas. Al mismo tiempo se presentar\u00e1 en concierto la Cantata oraci\u00f3n a la Virgen con Mariachi y la presencia de la cantante Maria Elena Leal Beltran despu\u00e9s de la exposici\u00f3n. (de acuerdo con todas las medidas sanitarias del momento)<\/p>\n<p><img decoding=\"async\" class=\"aligncenter size-large wp-image-378\" src=\"http:\/\/www.cristinarubalcava.com\/wp-content\/uploads\/2013\/08\/virgen_piel-849x1024.jpeg\" alt=\"virgen_piel\" width=\"849\" height=\"1024\" srcset=\"https:\/\/www.cristinarubalcava.com\/wp-content\/uploads\/2013\/08\/virgen_piel-849x1024.jpeg 849w, https:\/\/www.cristinarubalcava.com\/wp-content\/uploads\/2013\/08\/virgen_piel-248x300.jpeg 248w, https:\/\/www.cristinarubalcava.com\/wp-content\/uploads\/2013\/08\/virgen_piel.jpeg 1077w\" sizes=\"(max-width: 849px) 100vw, 849px\" \/><\/p>\n<blockquote><p><img decoding=\"async\" class=\"alignright size-full wp-image-383\" src=\"http:\/\/www.cristinarubalcava.com\/wp-content\/uploads\/2013\/08\/melena.png\" alt=\"melena\" width=\"194\" height=\"470\" \/>Mar\u00eda Elena Leal Beltr\u00e1n es la expresi\u00f3n viva de dos de los protagonistas mexicanos m\u00e1s destacados del arte en el siglo XX. Es su voz y sentimiento transformado en canci\u00f3n vern\u00e1cula, herencia de la Reina de la canci\u00f3n ranchera, Lola Beltr\u00e1n. De Alfredo Leal, el Pr\u00edncipe del toreo, asumi\u00f3 el temple y la valent\u00eda que su padre mostr\u00f3 en los ruedos de Am\u00e9rica y Europa.<\/p>\n<p>Hija \u00fanica de Lola y Alfredo, vivi\u00f3 entre dos mundos verdaderamente apasionantes, entre acordes musicales y luces multicolores, entre el sol y la arena del redondel. El car\u00e1cter f\u00e9rreo y decidido que sus padres mostraron frente a las audiencias lo hered\u00f3, y a los 18 a\u00f1os decidi\u00f3 convertir un viaje de placer por Europa en una larga y fruct\u00edfera estancia de ocho a\u00f1os. Durante la mitad de su permanencia en el Viejo Continente se dedic\u00f3 al noble y enriquecedor trabajo period\u00edstico. Estudi\u00f3 canto en Espa\u00f1a, Inglaterra y M\u00e9xico. Su debut profesional se llev\u00f3 a cabo en el a\u00f1o de 1992.<\/p>\n<p>Mar\u00eda Elena ha cantado en palenques y teatros de pueblo a lo largo y ancho de la vasta Rep\u00fablica Mexicana. Se ha presentado con notable \u00e9xito en diversos Festivales Internacionales del Mariachi en Estados Unidos.<\/p>\n<p>Tambi\u00e9n ha cantado en numerosas ocasiones en Espa\u00f1a y Francia. Actualmente cuenta con ocho producciones discogr\u00e1ficas, desde entonces se ha convertido en una digna heredera y representante de la canci\u00f3n ranchera.<\/p><\/blockquote>\n<hr \/>\n<h3>2021 \u2013 ABRIL<\/h3>\n<p><strong>ESSAOUIRA , MARRUECOS <\/strong><br \/>\nLibros pintados. Galerie Municipale Minzeh<br \/>\n<img decoding=\"async\" class=\"aligncenter size-large wp-image-377\" src=\"http:\/\/www.cristinarubalcava.com\/wp-content\/uploads\/2013\/08\/msk4-1024x723.jpeg\" alt=\"msk4\" width=\"1024\" height=\"723\" srcset=\"https:\/\/www.cristinarubalcava.com\/wp-content\/uploads\/2013\/08\/msk4-1024x723.jpeg 1024w, https:\/\/www.cristinarubalcava.com\/wp-content\/uploads\/2013\/08\/msk4-300x211.jpeg 300w, https:\/\/www.cristinarubalcava.com\/wp-content\/uploads\/2013\/08\/msk4.jpeg 1600w\" sizes=\"(max-width: 1024px) 100vw, 1024px\" \/><\/p>\n<h3>2021 \u2013 MAYO<\/h3>\n<p><strong>FORMENTERA, ESPA\u00d1A<\/strong><br \/>\nSala de Cultura del Consell. Michel Bohbot i sus amics libres unics<\/p>\n<p><img decoding=\"async\" class=\"aligncenter size-full wp-image-376\" src=\"http:\/\/www.cristinarubalcava.com\/wp-content\/uploads\/2013\/08\/msk3.jpeg\" alt=\"msk3\" width=\"1600\" height=\"1136\" srcset=\"https:\/\/www.cristinarubalcava.com\/wp-content\/uploads\/2013\/08\/msk3.jpeg 1600w, https:\/\/www.cristinarubalcava.com\/wp-content\/uploads\/2013\/08\/msk3-300x213.jpeg 300w, https:\/\/www.cristinarubalcava.com\/wp-content\/uploads\/2013\/08\/msk3-1024x727.jpeg 1024w\" sizes=\"(max-width: 1600px) 100vw, 1600px\" \/><\/p>\n<h3>2021 \u2013 JULIO<\/h3>\n<p><strong>TROUVILLE FRANCE<\/strong><br \/>\nBibliotheque Artotheque Michel Bohbot 100 libros pintados y caligraf\u00edados.<br \/>\nPintura sobre piel de cordero.<br \/>\n<img decoding=\"async\" class=\"aligncenter size-full wp-image-379\" src=\"http:\/\/www.cristinarubalcava.com\/wp-content\/uploads\/2013\/08\/sandia.jpeg\" alt=\"sandia\" width=\"1430\" height=\"1600\" srcset=\"https:\/\/www.cristinarubalcava.com\/wp-content\/uploads\/2013\/08\/sandia.jpeg 1430w, https:\/\/www.cristinarubalcava.com\/wp-content\/uploads\/2013\/08\/sandia-268x300.jpeg 268w, https:\/\/www.cristinarubalcava.com\/wp-content\/uploads\/2013\/08\/sandia-915x1024.jpeg 915w\" sizes=\"(max-width: 1430px) 100vw, 1430px\" \/><\/p>\n<hr \/>\n<p>Presently working on children and familly\u00a0<strong>portraits<\/strong>\u00a0of different countries. \u00a0She followns the \u201cexvotos\u201d of the itinerary exhibit of \u201cVirgen de Guadalupe, Manto del Mundo\u201d as it was the case in\u00a0<strong>Budapest<\/strong><strong>\u00a0at the Hungarian Saints Parrish in December 2007.<\/strong><\/p>\n<p>She writes music and words for the song \u201c<strong>El Cabezazo de Zidane<\/strong>\u201d<\/p>\n<p>June 2006, Exhibit and installement at the\u00a0<strong>Mus\u00e9e de Champlitte<\/strong>\u00a0with the theme the feast of the death in M\u00e9xico.<\/p>\n<p><strong>Paris, Galerie Port Autonome<\/strong>, presents two mural paintings created for Jalisco Mexico with the theme \u201cLa Gavilana, and \u201cPedro Paramo.<\/p>\n<p>She writes the song\u00a0<strong>\u201cEl Muro\u201d for Los Tigres del Norte<\/strong>.<\/p>\n<p><strong>Paris<\/strong><strong>, October-November<\/strong>.\u00a0<strong>The Quai Branly Museum<\/strong>. Installment, workshops and Conference with the mural painting \u201cRecorrido por los Corridos\u201d, music by Tigres del Norte.\u00a0 Creates\u00a0<strong>de lollipop Choco-chupa-mort<\/strong>\u00a0for this celebration.<\/p>\n<p><strong>Mexico. Museo de la Basilica de Guadalupe<\/strong>. \u00a0Exhibition \u201c<strong>del otro lado del mar<\/strong>\u201d 20 european painters create an exvoto for the Virgen de Guadalupe.<\/p>\n<p><strong>Budapest<\/strong><strong>,\u00a0<\/strong><strong>Hungary<\/strong>\u00a0, June 6, 2008\u00a0 personal exhibition at the Ujpest Galery<\/p>\n<p><strong>Mexico, October 2008, Museo de la Ciudad de M\u00e9xico.\u00a0\u00a0<\/strong><strong>Present the mural painting \u201cRecorrido por los Corridos<\/strong>\u201d\u00a0 which will itinerate in the\u00a0<strong>six FAROS, (Fabrica de<\/strong>\u00a0<strong>Artes y Oficios<\/strong>) in the outskirts of Mexico City with workshops and conferences pour children and eltern.<\/p>\n<p><strong>TOLUCA, State of Mexico<\/strong>, October 10th, 2008,\u00a0 collaborates with the\u00a0<strong>Instituto<\/strong>\u00a0<strong>Mexiquense de Cultura<\/strong>\u00a0of the Estate of Mexico, to prepare a photography exhibition with unpublished works\u00a0 of the region, Lerma and Toluca, between 1930-1940 of Poet and Photographer\u00a0<strong>Adam RUBALCAVA<\/strong>+ (1897-1983).<\/p>\n<h3>2020-2021<\/h3>\n<p><strong>VIRGEN DE GUADALUPE, MANTO DEL MUNDO<\/strong><\/p>\n<p><img decoding=\"async\" class=\"aligncenter size-full wp-image-373\" src=\"http:\/\/www.cristinarubalcava.com\/wp-content\/uploads\/2013\/08\/mural.jpg\" alt=\"mural\" width=\"1439\" height=\"692\" srcset=\"https:\/\/www.cristinarubalcava.com\/wp-content\/uploads\/2013\/08\/mural.jpg 1439w, https:\/\/www.cristinarubalcava.com\/wp-content\/uploads\/2013\/08\/mural-300x144.jpg 300w, https:\/\/www.cristinarubalcava.com\/wp-content\/uploads\/2013\/08\/mural-1024x492.jpg 1024w\" sizes=\"(max-width: 1439px) 100vw, 1439px\" \/><\/p>\n<p><img decoding=\"async\" class=\"aligncenter size-large wp-image-372\" src=\"http:\/\/www.cristinarubalcava.com\/wp-content\/uploads\/2013\/08\/WhatsApp-Image-2020-09-20-at-18.58.22-1024x768.jpeg\" alt=\"Maria Elena \" width=\"1024\" height=\"768\" srcset=\"https:\/\/www.cristinarubalcava.com\/wp-content\/uploads\/2013\/08\/WhatsApp-Image-2020-09-20-at-18.58.22-1024x768.jpeg 1024w, https:\/\/www.cristinarubalcava.com\/wp-content\/uploads\/2013\/08\/WhatsApp-Image-2020-09-20-at-18.58.22-300x224.jpeg 300w, https:\/\/www.cristinarubalcava.com\/wp-content\/uploads\/2013\/08\/WhatsApp-Image-2020-09-20-at-18.58.22.jpeg 1040w\" sizes=\"(max-width: 1024px) 100vw, 1024px\" \/><\/p>\n<h3>2021 \u2013 AVRIL<\/h3>\n<p><strong>ESSAOUIRA , MAROC <\/strong><br \/>\nPainted books. Galerie Municipale Minzeh<br \/>\n<img decoding=\"async\" class=\"aligncenter size-full wp-image-378\" src=\"http:\/\/www.cristinarubalcava.com\/wp-content\/uploads\/2013\/08\/virgen_piel.jpeg\" alt=\"virgen_piel\" width=\"1077\" height=\"1298\" srcset=\"https:\/\/www.cristinarubalcava.com\/wp-content\/uploads\/2013\/08\/virgen_piel.jpeg 1077w, https:\/\/www.cristinarubalcava.com\/wp-content\/uploads\/2013\/08\/virgen_piel-248x300.jpeg 248w, https:\/\/www.cristinarubalcava.com\/wp-content\/uploads\/2013\/08\/virgen_piel-849x1024.jpeg 849w\" sizes=\"(max-width: 1077px) 100vw, 1077px\" \/><\/p>\n<h3>2021 \u2013 MAI<\/h3>\n<p><strong>FORMENTERA, BALEARS, ESPAGNE<\/strong><br \/>\nSala de Cultura del Consell. Michel Bohbot i sus amics libres unics<br \/>\n<img decoding=\"async\" class=\"aligncenter size-full wp-image-377\" src=\"http:\/\/www.cristinarubalcava.com\/wp-content\/uploads\/2013\/08\/msk4.jpeg\" alt=\"msk4\" width=\"1600\" height=\"1130\" srcset=\"https:\/\/www.cristinarubalcava.com\/wp-content\/uploads\/2013\/08\/msk4.jpeg 1600w, https:\/\/www.cristinarubalcava.com\/wp-content\/uploads\/2013\/08\/msk4-300x211.jpeg 300w, https:\/\/www.cristinarubalcava.com\/wp-content\/uploads\/2013\/08\/msk4-1024x723.jpeg 1024w\" sizes=\"(max-width: 1600px) 100vw, 1600px\" \/><\/p>\n<p><img decoding=\"async\" class=\"aligncenter size-full wp-image-376\" src=\"http:\/\/www.cristinarubalcava.com\/wp-content\/uploads\/2013\/08\/msk3.jpeg\" alt=\"msk3\" width=\"1600\" height=\"1136\" srcset=\"https:\/\/www.cristinarubalcava.com\/wp-content\/uploads\/2013\/08\/msk3.jpeg 1600w, https:\/\/www.cristinarubalcava.com\/wp-content\/uploads\/2013\/08\/msk3-300x213.jpeg 300w, https:\/\/www.cristinarubalcava.com\/wp-content\/uploads\/2013\/08\/msk3-1024x727.jpeg 1024w\" sizes=\"(max-width: 1600px) 100vw, 1600px\" \/><\/p>\n<h3>2021 \u2013 JUILLET<\/h3>\n<p><strong>TROUVILLE FRANCE<\/strong><br \/>\nBibliotheque Artotheque Michel Bohbot 100 books, painted and handwritten.<br \/>\nPaint on lamb skin.<\/p>\n<p><img decoding=\"async\" class=\"aligncenter size-full wp-image-379\" src=\"http:\/\/www.cristinarubalcava.com\/wp-content\/uploads\/2013\/08\/sandia.jpeg\" alt=\"sandia\" width=\"1430\" height=\"1600\" srcset=\"https:\/\/www.cristinarubalcava.com\/wp-content\/uploads\/2013\/08\/sandia.jpeg 1430w, https:\/\/www.cristinarubalcava.com\/wp-content\/uploads\/2013\/08\/sandia-268x300.jpeg 268w, https:\/\/www.cristinarubalcava.com\/wp-content\/uploads\/2013\/08\/sandia-915x1024.jpeg 915w\" sizes=\"(max-width: 1430px) 100vw, 1430px\" \/><\/p>\n<hr \/>\n<p><a href=\"http:\/\/www.cristinarubalcava.com\/wp-content\/uploads\/2013\/08\/CRISTINA-RUBALCAVA-TEXTS-AND-CV_0001_NEW_0001-1b.jpg\"><img decoding=\"async\" class=\"alignnone size-full wp-image-320\" src=\"http:\/\/www.cristinarubalcava.com\/wp-content\/uploads\/2013\/08\/CRISTINA-RUBALCAVA-TEXTS-AND-CV_0001_NEW_0001-1b.jpg\" alt=\"CRISTINA-RUBALCAVA-TEXTS-AND-CV_0001_NEW_0001-1b\" width=\"353\" height=\"466\" srcset=\"https:\/\/www.cristinarubalcava.com\/wp-content\/uploads\/2013\/08\/CRISTINA-RUBALCAVA-TEXTS-AND-CV_0001_NEW_0001-1b.jpg 353w, https:\/\/www.cristinarubalcava.com\/wp-content\/uploads\/2013\/08\/CRISTINA-RUBALCAVA-TEXTS-AND-CV_0001_NEW_0001-1b-227x300.jpg 227w\" sizes=\"(max-width: 353px) 100vw, 353px\" \/><\/a>\u00a0<a href=\"http:\/\/www.cristinarubalcava.com\/wp-content\/uploads\/2013\/08\/CRISTINA-RUBALCAVA-TEXTS-AND-CV_0001_NEW_0001-9.jpg\"><img decoding=\"async\" src=\"http:\/\/www.cristinarubalcava.com\/wp-content\/uploads\/2013\/08\/CRISTINA-RUBALCAVA-TEXTS-AND-CV_0001_NEW_0001-9.jpg\" alt=\"CRISTINA-RUBALCAVA-TEXTS-AND-CV_0001_NEW_0001-9\" width=\"422\" height=\"768\" \/><\/a><\/p>\n<p>&nbsp;<\/p>\n<hr \/>\n<p>&nbsp;<\/p>\n<p><img decoding=\"async\" class=\"alignnone size-full wp-image-332\" src=\"http:\/\/www.cristinarubalcava.com\/wp-content\/uploads\/2013\/08\/CRISTINA-RUBALCAVA-TEXTS-AND-CV_0001_NEW_0001-12.jpg\" alt=\"CRISTINA-RUBALCAVA-TEXTS-AND-CV_0001_NEW_0001-12\" width=\"550\" height=\"1450\" srcset=\"https:\/\/www.cristinarubalcava.com\/wp-content\/uploads\/2013\/08\/CRISTINA-RUBALCAVA-TEXTS-AND-CV_0001_NEW_0001-12.jpg 550w, https:\/\/www.cristinarubalcava.com\/wp-content\/uploads\/2013\/08\/CRISTINA-RUBALCAVA-TEXTS-AND-CV_0001_NEW_0001-12-388x1024.jpg 388w\" sizes=\"(max-width: 550px) 100vw, 550px\" \/><\/p>","protected":false},"excerpt":{"rendered":"<p>2023 2020-2021 VIRGEN DE GUADALUPE, MANTO DEL MUNDO Reinicia la itinerancia de la Exposici\u00f3n VIRGEN DE GUADALUPE, MANTO DEL MUNDO en las catedrales europeas. Al mismo tiempo se presentar\u00e1 en concierto la Cantata oraci\u00f3n a la Virgen con Mariachi y la presencia de la cantante Maria Elena Leal Beltran despu\u00e9s de la exposici\u00f3n. (de acuerdo [&hellip;]<\/p>\n","protected":false},"author":1,"featured_media":0,"parent":0,"menu_order":1,"comment_status":"closed","ping_status":"closed","template":"","meta":{"footnotes":""},"yoast_head":"<!-- This site is optimized with the Yoast SEO plugin v22.4 - https:\/\/yoast.com\/wordpress\/plugins\/seo\/ -->\n<title>Biography &amp; CV - Cristina Rubalcava<\/title>\n<meta name=\"robots\" content=\"index, follow, max-snippet:-1, max-image-preview:large, max-video-preview:-1\" \/>\n<link rel=\"canonical\" href=\"https:\/\/www.cristinarubalcava.com\/biografia-cv\/\" \/>\n<meta property=\"og:locale\" content=\"en_US\" \/>\n<meta property=\"og:type\" content=\"article\" \/>\n<meta property=\"og:title\" content=\"[:es]Biograf\u00eda &amp; CV[:en]Biography &amp; CV[:fr]Biographie &amp; CV[:] - Cristina Rubalcava\" \/>\n<meta property=\"og:description\" content=\"2023 2020-2021 VIRGEN DE GUADALUPE, MANTO DEL MUNDO Reinicia la itinerancia de la Exposici\u00f3n VIRGEN DE GUADALUPE, MANTO DEL MUNDO en las catedrales europeas. Al mismo tiempo se presentar\u00e1 en concierto la Cantata oraci\u00f3n a la Virgen con Mariachi y la presencia de la cantante Maria Elena Leal Beltran despu\u00e9s de la exposici\u00f3n. (de acuerdo [&hellip;]\" \/>\n<meta property=\"og:url\" content=\"https:\/\/www.cristinarubalcava.com\/biografia-cv\/\" \/>\n<meta property=\"og:site_name\" content=\"Cristina Rubalcava\" \/>\n<meta property=\"article:modified_time\" content=\"2023-02-14T08:56:00+00:00\" \/>\n<meta property=\"og:image\" content=\"https:\/\/www.cristinarubalcava.com\/wp-content\/uploads\/2023\/02\/EXPO-SUBASTA-CON-ALEGRIA_15mar23-1024x1024.jpg\" \/>\n<meta name=\"twitter:card\" content=\"summary_large_image\" \/>\n<meta name=\"twitter:label1\" content=\"Est. reading time\" \/>\n\t<meta name=\"twitter:data1\" content=\"7 minutes\" \/>\n<script type=\"application\/ld+json\" class=\"yoast-schema-graph\">{\"@context\":\"https:\/\/schema.org\",\"@graph\":[{\"@type\":\"WebPage\",\"@id\":\"https:\/\/www.cristinarubalcava.com\/biografia-cv\/\",\"url\":\"https:\/\/www.cristinarubalcava.com\/biografia-cv\/\",\"name\":\"[:es]Biograf\u00eda & CV[:en]Biography & CV[:fr]Biographie & CV[:] - Cristina Rubalcava\",\"isPartOf\":{\"@id\":\"https:\/\/www.cristinarubalcava.com\/#website\"},\"primaryImageOfPage\":{\"@id\":\"https:\/\/www.cristinarubalcava.com\/biografia-cv\/#primaryimage\"},\"image\":{\"@id\":\"https:\/\/www.cristinarubalcava.com\/biografia-cv\/#primaryimage\"},\"thumbnailUrl\":\"https:\/\/www.cristinarubalcava.com\/wp-content\/uploads\/2023\/02\/EXPO-SUBASTA-CON-ALEGRIA_15mar23-1024x1024.jpg\",\"datePublished\":\"2013-08-26T19:10:35+00:00\",\"dateModified\":\"2023-02-14T08:56:00+00:00\",\"breadcrumb\":{\"@id\":\"https:\/\/www.cristinarubalcava.com\/biografia-cv\/#breadcrumb\"},\"inLanguage\":\"en-US\",\"potentialAction\":[{\"@type\":\"ReadAction\",\"target\":[\"https:\/\/www.cristinarubalcava.com\/biografia-cv\/\"]}]},{\"@type\":\"ImageObject\",\"inLanguage\":\"en-US\",\"@id\":\"https:\/\/www.cristinarubalcava.com\/biografia-cv\/#primaryimage\",\"url\":\"https:\/\/www.cristinarubalcava.com\/wp-content\/uploads\/2023\/02\/EXPO-SUBASTA-CON-ALEGRIA_15mar23-1024x1024.jpg\",\"contentUrl\":\"https:\/\/www.cristinarubalcava.com\/wp-content\/uploads\/2023\/02\/EXPO-SUBASTA-CON-ALEGRIA_15mar23-1024x1024.jpg\"},{\"@type\":\"BreadcrumbList\",\"@id\":\"https:\/\/www.cristinarubalcava.com\/biografia-cv\/#breadcrumb\",\"itemListElement\":[{\"@type\":\"ListItem\",\"position\":1,\"name\":\"Portada\",\"item\":\"https:\/\/www.cristinarubalcava.com\/\"},{\"@type\":\"ListItem\",\"position\":2,\"name\":\"Biograf\u00eda &#038; CV\"}]},{\"@type\":\"WebSite\",\"@id\":\"https:\/\/www.cristinarubalcava.com\/#website\",\"url\":\"https:\/\/www.cristinarubalcava.com\/\",\"name\":\"Cristina Rubalcava\",\"description\":\"Paintings | Scultptures | Pottery | Weddings\",\"publisher\":{\"@id\":\"https:\/\/www.cristinarubalcava.com\/#\/schema\/person\/b827547e5dd7ae545323ce75fec5f0d9\"},\"potentialAction\":[{\"@type\":\"SearchAction\",\"target\":{\"@type\":\"EntryPoint\",\"urlTemplate\":\"https:\/\/www.cristinarubalcava.com\/?s={search_term_string}\"},\"query-input\":\"required name=search_term_string\"}],\"inLanguage\":\"en-US\"},{\"@type\":[\"Person\",\"Organization\"],\"@id\":\"https:\/\/www.cristinarubalcava.com\/#\/schema\/person\/b827547e5dd7ae545323ce75fec5f0d9\",\"name\":\"rubalcava\",\"image\":{\"@type\":\"ImageObject\",\"inLanguage\":\"en-US\",\"@id\":\"https:\/\/www.cristinarubalcava.com\/#\/schema\/person\/image\/\",\"url\":\"https:\/\/www.cristinarubalcava.com\/wp-content\/uploads\/2013\/08\/logo.jpg\",\"contentUrl\":\"https:\/\/www.cristinarubalcava.com\/wp-content\/uploads\/2013\/08\/logo.jpg\",\"width\":320,\"height\":106,\"caption\":\"rubalcava\"},\"logo\":{\"@id\":\"https:\/\/www.cristinarubalcava.com\/#\/schema\/person\/image\/\"}}]}<\/script>\n<!-- \/ Yoast SEO plugin. -->","yoast_head_json":{"title":"[:es]Biograf\u00eda & CV[:en]Biography & CV[:fr]Biographie & CV[:] - Cristina Rubalcava","robots":{"index":"index","follow":"follow","max-snippet":"max-snippet:-1","max-image-preview":"max-image-preview:large","max-video-preview":"max-video-preview:-1"},"canonical":"https:\/\/www.cristinarubalcava.com\/biografia-cv\/","og_locale":"en_US","og_type":"article","og_title":"[:es]Biograf\u00eda & CV[:en]Biography & CV[:fr]Biographie & CV[:] - Cristina Rubalcava","og_description":"2023 2020-2021 VIRGEN DE GUADALUPE, MANTO DEL MUNDO Reinicia la itinerancia de la Exposici\u00f3n VIRGEN DE GUADALUPE, MANTO DEL MUNDO en las catedrales europeas. Al mismo tiempo se presentar\u00e1 en concierto la Cantata oraci\u00f3n a la Virgen con Mariachi y la presencia de la cantante Maria Elena Leal Beltran despu\u00e9s de la exposici\u00f3n. (de acuerdo [&hellip;]","og_url":"https:\/\/www.cristinarubalcava.com\/biografia-cv\/","og_site_name":"Cristina Rubalcava","article_modified_time":"2023-02-14T08:56:00+00:00","og_image":[{"url":"https:\/\/www.cristinarubalcava.com\/wp-content\/uploads\/2023\/02\/EXPO-SUBASTA-CON-ALEGRIA_15mar23-1024x1024.jpg"}],"twitter_card":"summary_large_image","twitter_misc":{"Est. reading time":"7 minutes"},"schema":{"@context":"https:\/\/schema.org","@graph":[{"@type":"WebPage","@id":"https:\/\/www.cristinarubalcava.com\/biografia-cv\/","url":"https:\/\/www.cristinarubalcava.com\/biografia-cv\/","name":"[:es]Biograf\u00eda & CV[:en]Biography & CV[:fr]Biographie & CV[:] - Cristina Rubalcava","isPartOf":{"@id":"https:\/\/www.cristinarubalcava.com\/#website"},"primaryImageOfPage":{"@id":"https:\/\/www.cristinarubalcava.com\/biografia-cv\/#primaryimage"},"image":{"@id":"https:\/\/www.cristinarubalcava.com\/biografia-cv\/#primaryimage"},"thumbnailUrl":"https:\/\/www.cristinarubalcava.com\/wp-content\/uploads\/2023\/02\/EXPO-SUBASTA-CON-ALEGRIA_15mar23-1024x1024.jpg","datePublished":"2013-08-26T19:10:35+00:00","dateModified":"2023-02-14T08:56:00+00:00","breadcrumb":{"@id":"https:\/\/www.cristinarubalcava.com\/biografia-cv\/#breadcrumb"},"inLanguage":"en-US","potentialAction":[{"@type":"ReadAction","target":["https:\/\/www.cristinarubalcava.com\/biografia-cv\/"]}]},{"@type":"ImageObject","inLanguage":"en-US","@id":"https:\/\/www.cristinarubalcava.com\/biografia-cv\/#primaryimage","url":"https:\/\/www.cristinarubalcava.com\/wp-content\/uploads\/2023\/02\/EXPO-SUBASTA-CON-ALEGRIA_15mar23-1024x1024.jpg","contentUrl":"https:\/\/www.cristinarubalcava.com\/wp-content\/uploads\/2023\/02\/EXPO-SUBASTA-CON-ALEGRIA_15mar23-1024x1024.jpg"},{"@type":"BreadcrumbList","@id":"https:\/\/www.cristinarubalcava.com\/biografia-cv\/#breadcrumb","itemListElement":[{"@type":"ListItem","position":1,"name":"Portada","item":"https:\/\/www.cristinarubalcava.com\/"},{"@type":"ListItem","position":2,"name":"Biograf\u00eda &#038; CV"}]},{"@type":"WebSite","@id":"https:\/\/www.cristinarubalcava.com\/#website","url":"https:\/\/www.cristinarubalcava.com\/","name":"Cristina Rubalcava","description":"Paintings | Scultptures | Pottery | Weddings","publisher":{"@id":"https:\/\/www.cristinarubalcava.com\/#\/schema\/person\/b827547e5dd7ae545323ce75fec5f0d9"},"potentialAction":[{"@type":"SearchAction","target":{"@type":"EntryPoint","urlTemplate":"https:\/\/www.cristinarubalcava.com\/?s={search_term_string}"},"query-input":"required name=search_term_string"}],"inLanguage":"en-US"},{"@type":["Person","Organization"],"@id":"https:\/\/www.cristinarubalcava.com\/#\/schema\/person\/b827547e5dd7ae545323ce75fec5f0d9","name":"rubalcava","image":{"@type":"ImageObject","inLanguage":"en-US","@id":"https:\/\/www.cristinarubalcava.com\/#\/schema\/person\/image\/","url":"https:\/\/www.cristinarubalcava.com\/wp-content\/uploads\/2013\/08\/logo.jpg","contentUrl":"https:\/\/www.cristinarubalcava.com\/wp-content\/uploads\/2013\/08\/logo.jpg","width":320,"height":106,"caption":"rubalcava"},"logo":{"@id":"https:\/\/www.cristinarubalcava.com\/#\/schema\/person\/image\/"}}]}},"_links":{"self":[{"href":"https:\/\/www.cristinarubalcava.com\/en\/wp-json\/wp\/v2\/pages\/5"}],"collection":[{"href":"https:\/\/www.cristinarubalcava.com\/en\/wp-json\/wp\/v2\/pages"}],"about":[{"href":"https:\/\/www.cristinarubalcava.com\/en\/wp-json\/wp\/v2\/types\/page"}],"author":[{"embeddable":true,"href":"https:\/\/www.cristinarubalcava.com\/en\/wp-json\/wp\/v2\/users\/1"}],"replies":[{"embeddable":true,"href":"https:\/\/www.cristinarubalcava.com\/en\/wp-json\/wp\/v2\/comments?post=5"}],"version-history":[{"count":25,"href":"https:\/\/www.cristinarubalcava.com\/en\/wp-json\/wp\/v2\/pages\/5\/revisions"}],"predecessor-version":[{"id":493,"href":"https:\/\/www.cristinarubalcava.com\/en\/wp-json\/wp\/v2\/pages\/5\/revisions\/493"}],"wp:attachment":[{"href":"https:\/\/www.cristinarubalcava.com\/en\/wp-json\/wp\/v2\/media?parent=5"}],"curies":[{"name":"wp","href":"https:\/\/api.w.org\/{rel}","templated":true}]}}