{"id":23,"date":"2013-08-26T21:13:17","date_gmt":"2013-08-26T19:13:17","guid":{"rendered":"http:\/\/www.cristinarubalcava.com\/?page_id=23"},"modified":"2023-02-02T15:53:50","modified_gmt":"2023-02-02T13:53:50","slug":"musica","status":"publish","type":"page","link":"https:\/\/www.cristinarubalcava.com\/en\/obra\/musica\/","title":{"rendered":"Music"},"content":{"rendered":"<p><\/p>\n<h3>Virgen de Guadalupe, Manto del Mundo<\/h3>\n<audio class=\"wp-audio-shortcode\" id=\"audio-23-7\" preload=\"none\" style=\"width: 100%;\" controls=\"controls\"><source type=\"audio\/mpeg\" src=\"https:\/\/www.cristinarubalcava.com\/wp-content\/uploads\/2023\/02\/Virgen-de-Guadalupe-Manto-del-mundo.mp3?_=7\" \/><a href=\"https:\/\/www.cristinarubalcava.com\/wp-content\/uploads\/2023\/02\/Virgen-de-Guadalupe-Manto-del-mundo.mp3\">https:\/\/www.cristinarubalcava.com\/wp-content\/uploads\/2023\/02\/Virgen-de-Guadalupe-Manto-del-mundo.mp3<\/a><\/audio>\n<h3>Cabezazo &#8211;\u00a0interpreta Alfredo Sauce<\/h3>\n<audio class=\"wp-audio-shortcode\" id=\"audio-23-8\" preload=\"none\" style=\"width: 100%;\" controls=\"controls\"><source type=\"audio\/mpeg\" src=\"http:\/\/www.cristinarubalcava.com\/wp-content\/uploads\/2013\/08\/%2002-cabezazo-orig-masterizado.mp3?_=8\" \/><a href=\"http:\/\/www.cristinarubalcava.com\/wp-content\/uploads\/2013\/08\/%2002-cabezazo-orig-masterizado.mp3\">http:\/\/www.cristinarubalcava.com\/wp-content\/uploads\/2013\/08\/%2002-cabezazo-orig-masterizado.mp3<\/a><\/audio>\n<h3>Cabezazo Zidane &#8211;\u00a0interpreta Grupo Ca\u00f1averal<\/h3>\n<audio class=\"wp-audio-shortcode\" id=\"audio-23-9\" preload=\"none\" style=\"width: 100%;\" controls=\"controls\"><source type=\"audio\/mpeg\" src=\"http:\/\/www.cristinarubalcava.com\/wp-content\/uploads\/2013\/08\/EL-CABEZASO.mp3?_=9\" \/><a href=\"http:\/\/www.cristinarubalcava.com\/wp-content\/uploads\/2013\/08\/EL-CABEZASO.mp3\">http:\/\/www.cristinarubalcava.com\/wp-content\/uploads\/2013\/08\/EL-CABEZASO.mp3<\/a><\/audio>\n<h3>El Muro &#8211; interpreta Tigres del Norte<\/h3>\n<audio class=\"wp-audio-shortcode\" id=\"audio-23-10\" preload=\"none\" style=\"width: 100%;\" controls=\"controls\"><source type=\"audio\/mpeg\" src=\"http:\/\/www.cristinarubalcava.com\/wp-content\/uploads\/2013\/08\/15-El-Muro-Version-Original.mp3?_=10\" \/><a href=\"http:\/\/www.cristinarubalcava.com\/wp-content\/uploads\/2013\/08\/15-El-Muro-Version-Original.mp3\">http:\/\/www.cristinarubalcava.com\/wp-content\/uploads\/2013\/08\/15-El-Muro-Version-Original.mp3<\/a><\/audio>\n<h3>Condonazo &#8211; interpreta Pante\u00f3n Rococ\u00f3<\/h3>\n<audio class=\"wp-audio-shortcode\" id=\"audio-23-11\" preload=\"none\" style=\"width: 100%;\" controls=\"controls\"><source type=\"audio\/mpeg\" src=\"http:\/\/www.cristinarubalcava.com\/wp-content\/uploads\/2013\/08\/Condonazo-1era-ver.mp3?_=11\" \/><a href=\"http:\/\/www.cristinarubalcava.com\/wp-content\/uploads\/2013\/08\/Condonazo-1era-ver.mp3\">http:\/\/www.cristinarubalcava.com\/wp-content\/uploads\/2013\/08\/Condonazo-1era-ver.mp3<\/a><\/audio>\n<h3>Cupido (Congreso internacional SIDA) &#8211; interpreta Son de Madera<\/h3>\n<audio class=\"wp-audio-shortcode\" id=\"audio-23-12\" preload=\"none\" style=\"width: 100%;\" controls=\"controls\"><source type=\"audio\/mpeg\" src=\"http:\/\/www.cristinarubalcava.com\/wp-content\/uploads\/2013\/08\/cupido_bounce.mp3?_=12\" \/><a href=\"http:\/\/www.cristinarubalcava.com\/wp-content\/uploads\/2013\/08\/cupido_bounce.mp3\">http:\/\/www.cristinarubalcava.com\/wp-content\/uploads\/2013\/08\/cupido_bounce.mp3<\/a><\/audio>\n<audio class=\"wp-audio-shortcode\" id=\"audio-23-13\" preload=\"none\" style=\"width: 100%;\" controls=\"controls\"><source type=\"audio\/mpeg\" src=\"http:\/\/www.cristinarubalcava.com\/wp-content\/uploads\/2013\/08\/cupido_bounce.mp3?_=13\" \/><a href=\"http:\/\/www.cristinarubalcava.com\/wp-content\/uploads\/2013\/08\/cupido_bounce.mp3\">http:\/\/www.cristinarubalcava.com\/wp-content\/uploads\/2013\/08\/cupido_bounce.mp3<\/a><\/audio>\n<p><audio class=\"wp-audio-shortcode\" id=\"audio-23-14\" preload=\"none\" style=\"width: 100%;\" controls=\"controls\"><source type=\"audio\/mpeg\" src=\"http:\/\/www.cristinarubalcava.com\/wp-content\/uploads\/2013\/08\/cupido_bounce.mp3?_=14\" \/><a href=\"http:\/\/www.cristinarubalcava.com\/wp-content\/uploads\/2013\/08\/cupido_bounce.mp3\">http:\/\/www.cristinarubalcava.com\/wp-content\/uploads\/2013\/08\/cupido_bounce.mp3<\/a><\/audio><\/p>","protected":false},"excerpt":{"rendered":"<p>Virgen de Guadalupe, Manto del Mundo Cabezazo &#8211;\u00a0interpreta Alfredo Sauce Cabezazo Zidane &#8211;\u00a0interpreta Grupo Ca\u00f1averal El Muro &#8211; interpreta Tigres del Norte Condonazo &#8211; interpreta Pante\u00f3n Rococ\u00f3 Cupido (Congreso internacional SIDA) &#8211; interpreta Son de Madera<\/p>\n","protected":false},"author":1,"featured_media":0,"parent":15,"menu_order":0,"comment_status":"closed","ping_status":"closed","template":"","meta":{"footnotes":""},"yoast_head":"<!-- This site is optimized with the Yoast SEO plugin v22.4 - https:\/\/yoast.com\/wordpress\/plugins\/seo\/ -->\n<title>Music - Cristina Rubalcava<\/title>\n<meta name=\"robots\" content=\"index, follow, max-snippet:-1, max-image-preview:large, max-video-preview:-1\" \/>\n<link rel=\"canonical\" href=\"https:\/\/www.cristinarubalcava.com\/obra\/musica\/\" \/>\n<meta property=\"og:locale\" content=\"en_US\" \/>\n<meta property=\"og:type\" content=\"article\" \/>\n<meta property=\"og:title\" content=\"[:es]M\u00fasica[:en]Music[:fr]Musique[:] - Cristina Rubalcava\" \/>\n<meta property=\"og:description\" content=\"Virgen de Guadalupe, Manto del Mundo Cabezazo &#8211;\u00a0interpreta Alfredo Sauce Cabezazo Zidane &#8211;\u00a0interpreta Grupo Ca\u00f1averal El Muro &#8211; interpreta Tigres del Norte Condonazo &#8211; interpreta Pante\u00f3n Rococ\u00f3 Cupido (Congreso internacional SIDA) &#8211; interpreta Son de Madera\" \/>\n<meta property=\"og:url\" content=\"https:\/\/www.cristinarubalcava.com\/obra\/musica\/\" \/>\n<meta property=\"og:site_name\" content=\"Cristina Rubalcava\" \/>\n<meta property=\"article:modified_time\" content=\"2023-02-02T13:53:50+00:00\" \/>\n<meta name=\"twitter:card\" content=\"summary_large_image\" \/>\n<meta name=\"twitter:label1\" content=\"Est. reading time\" \/>\n\t<meta name=\"twitter:data1\" content=\"1 minute\" \/>\n<script type=\"application\/ld+json\" class=\"yoast-schema-graph\">{\"@context\":\"https:\/\/schema.org\",\"@graph\":[{\"@type\":\"WebPage\",\"@id\":\"https:\/\/www.cristinarubalcava.com\/obra\/musica\/\",\"url\":\"https:\/\/www.cristinarubalcava.com\/obra\/musica\/\",\"name\":\"[:es]M\u00fasica[:en]Music[:fr]Musique[:] - Cristina Rubalcava\",\"isPartOf\":{\"@id\":\"https:\/\/www.cristinarubalcava.com\/#website\"},\"datePublished\":\"2013-08-26T19:13:17+00:00\",\"dateModified\":\"2023-02-02T13:53:50+00:00\",\"breadcrumb\":{\"@id\":\"https:\/\/www.cristinarubalcava.com\/obra\/musica\/#breadcrumb\"},\"inLanguage\":\"en-US\",\"potentialAction\":[{\"@type\":\"ReadAction\",\"target\":[\"https:\/\/www.cristinarubalcava.com\/obra\/musica\/\"]}]},{\"@type\":\"BreadcrumbList\",\"@id\":\"https:\/\/www.cristinarubalcava.com\/obra\/musica\/#breadcrumb\",\"itemListElement\":[{\"@type\":\"ListItem\",\"position\":1,\"name\":\"Portada\",\"item\":\"https:\/\/www.cristinarubalcava.com\/\"},{\"@type\":\"ListItem\",\"position\":2,\"name\":\"Obra\",\"item\":\"https:\/\/www.cristinarubalcava.com\/obra\/\"},{\"@type\":\"ListItem\",\"position\":3,\"name\":\"M\u00fasica\"}]},{\"@type\":\"WebSite\",\"@id\":\"https:\/\/www.cristinarubalcava.com\/#website\",\"url\":\"https:\/\/www.cristinarubalcava.com\/\",\"name\":\"Cristina Rubalcava\",\"description\":\"Paintings | Scultptures | Pottery | Weddings\",\"publisher\":{\"@id\":\"https:\/\/www.cristinarubalcava.com\/#\/schema\/person\/b827547e5dd7ae545323ce75fec5f0d9\"},\"potentialAction\":[{\"@type\":\"SearchAction\",\"target\":{\"@type\":\"EntryPoint\",\"urlTemplate\":\"https:\/\/www.cristinarubalcava.com\/?s={search_term_string}\"},\"query-input\":\"required name=search_term_string\"}],\"inLanguage\":\"en-US\"},{\"@type\":[\"Person\",\"Organization\"],\"@id\":\"https:\/\/www.cristinarubalcava.com\/#\/schema\/person\/b827547e5dd7ae545323ce75fec5f0d9\",\"name\":\"rubalcava\",\"image\":{\"@type\":\"ImageObject\",\"inLanguage\":\"en-US\",\"@id\":\"https:\/\/www.cristinarubalcava.com\/#\/schema\/person\/image\/\",\"url\":\"https:\/\/www.cristinarubalcava.com\/wp-content\/uploads\/2013\/08\/logo.jpg\",\"contentUrl\":\"https:\/\/www.cristinarubalcava.com\/wp-content\/uploads\/2013\/08\/logo.jpg\",\"width\":320,\"height\":106,\"caption\":\"rubalcava\"},\"logo\":{\"@id\":\"https:\/\/www.cristinarubalcava.com\/#\/schema\/person\/image\/\"}}]}<\/script>\n<!-- \/ Yoast SEO plugin. -->","yoast_head_json":{"title":"[:es]M\u00fasica[:en]Music[:fr]Musique[:] - Cristina Rubalcava","robots":{"index":"index","follow":"follow","max-snippet":"max-snippet:-1","max-image-preview":"max-image-preview:large","max-video-preview":"max-video-preview:-1"},"canonical":"https:\/\/www.cristinarubalcava.com\/obra\/musica\/","og_locale":"en_US","og_type":"article","og_title":"[:es]M\u00fasica[:en]Music[:fr]Musique[:] - Cristina Rubalcava","og_description":"Virgen de Guadalupe, Manto del Mundo Cabezazo &#8211;\u00a0interpreta Alfredo Sauce Cabezazo Zidane &#8211;\u00a0interpreta Grupo Ca\u00f1averal El Muro &#8211; interpreta Tigres del Norte Condonazo &#8211; interpreta Pante\u00f3n Rococ\u00f3 Cupido (Congreso internacional SIDA) &#8211; interpreta Son de Madera","og_url":"https:\/\/www.cristinarubalcava.com\/obra\/musica\/","og_site_name":"Cristina Rubalcava","article_modified_time":"2023-02-02T13:53:50+00:00","twitter_card":"summary_large_image","twitter_misc":{"Est. reading time":"1 minute"},"schema":{"@context":"https:\/\/schema.org","@graph":[{"@type":"WebPage","@id":"https:\/\/www.cristinarubalcava.com\/obra\/musica\/","url":"https:\/\/www.cristinarubalcava.com\/obra\/musica\/","name":"[:es]M\u00fasica[:en]Music[:fr]Musique[:] - Cristina Rubalcava","isPartOf":{"@id":"https:\/\/www.cristinarubalcava.com\/#website"},"datePublished":"2013-08-26T19:13:17+00:00","dateModified":"2023-02-02T13:53:50+00:00","breadcrumb":{"@id":"https:\/\/www.cristinarubalcava.com\/obra\/musica\/#breadcrumb"},"inLanguage":"en-US","potentialAction":[{"@type":"ReadAction","target":["https:\/\/www.cristinarubalcava.com\/obra\/musica\/"]}]},{"@type":"BreadcrumbList","@id":"https:\/\/www.cristinarubalcava.com\/obra\/musica\/#breadcrumb","itemListElement":[{"@type":"ListItem","position":1,"name":"Portada","item":"https:\/\/www.cristinarubalcava.com\/"},{"@type":"ListItem","position":2,"name":"Obra","item":"https:\/\/www.cristinarubalcava.com\/obra\/"},{"@type":"ListItem","position":3,"name":"M\u00fasica"}]},{"@type":"WebSite","@id":"https:\/\/www.cristinarubalcava.com\/#website","url":"https:\/\/www.cristinarubalcava.com\/","name":"Cristina Rubalcava","description":"Paintings | Scultptures | Pottery | Weddings","publisher":{"@id":"https:\/\/www.cristinarubalcava.com\/#\/schema\/person\/b827547e5dd7ae545323ce75fec5f0d9"},"potentialAction":[{"@type":"SearchAction","target":{"@type":"EntryPoint","urlTemplate":"https:\/\/www.cristinarubalcava.com\/?s={search_term_string}"},"query-input":"required name=search_term_string"}],"inLanguage":"en-US"},{"@type":["Person","Organization"],"@id":"https:\/\/www.cristinarubalcava.com\/#\/schema\/person\/b827547e5dd7ae545323ce75fec5f0d9","name":"rubalcava","image":{"@type":"ImageObject","inLanguage":"en-US","@id":"https:\/\/www.cristinarubalcava.com\/#\/schema\/person\/image\/","url":"https:\/\/www.cristinarubalcava.com\/wp-content\/uploads\/2013\/08\/logo.jpg","contentUrl":"https:\/\/www.cristinarubalcava.com\/wp-content\/uploads\/2013\/08\/logo.jpg","width":320,"height":106,"caption":"rubalcava"},"logo":{"@id":"https:\/\/www.cristinarubalcava.com\/#\/schema\/person\/image\/"}}]}},"_links":{"self":[{"href":"https:\/\/www.cristinarubalcava.com\/en\/wp-json\/wp\/v2\/pages\/23"}],"collection":[{"href":"https:\/\/www.cristinarubalcava.com\/en\/wp-json\/wp\/v2\/pages"}],"about":[{"href":"https:\/\/www.cristinarubalcava.com\/en\/wp-json\/wp\/v2\/types\/page"}],"author":[{"embeddable":true,"href":"https:\/\/www.cristinarubalcava.com\/en\/wp-json\/wp\/v2\/users\/1"}],"replies":[{"embeddable":true,"href":"https:\/\/www.cristinarubalcava.com\/en\/wp-json\/wp\/v2\/comments?post=23"}],"version-history":[{"count":8,"href":"https:\/\/www.cristinarubalcava.com\/en\/wp-json\/wp\/v2\/pages\/23\/revisions"}],"predecessor-version":[{"id":488,"href":"https:\/\/www.cristinarubalcava.com\/en\/wp-json\/wp\/v2\/pages\/23\/revisions\/488"}],"up":[{"embeddable":true,"href":"https:\/\/www.cristinarubalcava.com\/en\/wp-json\/wp\/v2\/pages\/15"}],"wp:attachment":[{"href":"https:\/\/www.cristinarubalcava.com\/en\/wp-json\/wp\/v2\/media?parent=23"}],"curies":[{"name":"wp","href":"https:\/\/api.w.org\/{rel}","templated":true}]}}